{"id":39,"date":"2021-08-29T12:40:12","date_gmt":"2021-08-29T10:40:12","guid":{"rendered":"https:\/\/www.stauseiapdikt.lu\/?page_id=39"},"modified":"2022-01-30T16:57:26","modified_gmt":"2022-01-30T14:57:26","slug":"links","status":"publish","type":"page","link":"https:\/\/www.stauseiapdikt.lu\/?page_id=39","title":{"rendered":"links"},"content":{"rendered":"\n<p><strong>D\u00e9nschtapdikt<\/strong> vum Dag op <a href=\"https:\/\/www.pharmacie.lu\/service-de-garde\/\">pharmacie.l<\/a>u pour la <strong>pharmacie de garde <\/strong><\/p>\n\n\n\n<p><strong>Covid Informatiounen<\/strong> vum <a href=\"https:\/\/covid19.public.lu\/fr.html\">Minist\u00e8re de la Sant\u00e9 <\/a><strong>informations covid<\/strong><\/p>\n","protected":false},"excerpt":{"rendered":"<p>D\u00e9nschtapdikt vum Dag op pharmacie.lu pour la pharmacie de garde Covid Informatiounen vum Minist\u00e8re de la Sant\u00e9 informations covid<\/p>\n","protected":false},"author":1,"featured_media":0,"parent":0,"menu_order":0,"comment_status":"closed","ping_status":"closed","template":"","meta":{"footnotes":""},"class_list":["post-39","page","type-page","status-publish","hentry"],"_links":{"self":[{"href":"https:\/\/www.stauseiapdikt.lu\/index.php?rest_route=\/wp\/v2\/pages\/39","targetHints":{"allow":["GET"]}}],"collection":[{"href":"https:\/\/www.stauseiapdikt.lu\/index.php?rest_route=\/wp\/v2\/pages"}],"about":[{"href":"https:\/\/www.stauseiapdikt.lu\/index.php?rest_route=\/wp\/v2\/types\/page"}],"author":[{"embeddable":true,"href":"https:\/\/www.stauseiapdikt.lu\/index.php?rest_route=\/wp\/v2\/users\/1"}],"replies":[{"embeddable":true,"href":"https:\/\/www.stauseiapdikt.lu\/index.php?rest_route=%2Fwp%2Fv2%2Fcomments&post=39"}],"version-history":[{"count":8,"href":"https:\/\/www.stauseiapdikt.lu\/index.php?rest_route=\/wp\/v2\/pages\/39\/revisions"}],"predecessor-version":[{"id":129,"href":"https:\/\/www.stauseiapdikt.lu\/index.php?rest_route=\/wp\/v2\/pages\/39\/revisions\/129"}],"wp:attachment":[{"href":"https:\/\/www.stauseiapdikt.lu\/index.php?rest_route=%2Fwp%2Fv2%2Fmedia&parent=39"}],"curies":[{"name":"wp","href":"https:\/\/api.w.org\/{rel}","templated":true}]}}